{"id":1594,"date":"2024-01-29T11:15:50","date_gmt":"2024-01-29T17:15:50","guid":{"rendered":"https:\/\/conectividad.campeche.gob.mx\/?page_id=1594"},"modified":"2024-06-25T11:43:32","modified_gmt":"2024-06-25T17:43:32","slug":"alianzas","status":"publish","type":"page","link":"https:\/\/conectividad.campeche.gob.mx\/?page_id=1594","title":{"rendered":"Alianzas"},"content":{"rendered":"<p>[et_pb_section fb_built=&#8221;1&#8243; _builder_version=&#8221;4.25.1&#8243; _module_preset=&#8221;default&#8221; background_color=&#8221;#9F2241&#8243; global_colors_info=&#8221;{}&#8221;][et_pb_row _builder_version=&#8221;4.19.2&#8243; _module_preset=&#8221;default&#8221; global_colors_info=&#8221;{}&#8221;][et_pb_column type=&#8221;4_4&#8243; _builder_version=&#8221;4.19.2&#8243; _module_preset=&#8221;default&#8221; global_colors_info=&#8221;{}&#8221;][et_pb_text _builder_version=&#8221;4.19.2&#8243; _module_preset=&#8221;default&#8221; header_font=&#8221;|600|on||||||&#8221; header_text_color=&#8221;#FFFFFF&#8221; animation_style=&#8221;fade&#8221; global_colors_info=&#8221;{}&#8221;]<\/p>\n<h1 style=\"text-align: center;\">Alianzas<\/h1>\n<p>[\/et_pb_text][\/et_pb_column][\/et_pb_row][\/et_pb_section][et_pb_section fb_built=&#8221;1&#8243; _builder_version=&#8221;4.19.2&#8243; _module_preset=&#8221;default&#8221; global_colors_info=&#8221;{}&#8221;][et_pb_row _builder_version=&#8221;4.19.2&#8243; _module_preset=&#8221;default&#8221; global_colors_info=&#8221;{}&#8221;][et_pb_column type=&#8221;4_4&#8243; _builder_version=&#8221;4.19.2&#8243; _module_preset=&#8221;default&#8221; global_colors_info=&#8221;{}&#8221;][et_pb_text _builder_version=&#8221;4.25.1&#8243; _module_preset=&#8221;default&#8221; text_text_color=&#8221;#6b6b6b&#8221; text_font_size=&#8221;18px&#8221; hover_enabled=&#8221;0&#8243; global_colors_info=&#8221;{}&#8221; sticky_enabled=&#8221;0&#8243;]<\/p>\n<p style=\"text-align: justify;\">El proyecto \u201cConectividad para Todos\u201d establece alianzas estrat\u00e9gicas para contar con recursos esenciales y enriquecer el proyecto con experiencia y conocimientos especializados. La participaci\u00f3n de los sectores p\u00fablico, privado y social ha permitido ampliar el alcance y potencial de la inversi\u00f3n, as\u00ed como ampliar el espectro de impactos para la poblaci\u00f3n.<\/p>\n<p>[\/et_pb_text][\/et_pb_column][\/et_pb_row][et_pb_row column_structure=&#8221;1_4,3_4&#8243; _builder_version=&#8221;4.19.2&#8243; _module_preset=&#8221;default&#8221; global_colors_info=&#8221;{}&#8221;][et_pb_column type=&#8221;1_4&#8243; _builder_version=&#8221;4.19.2&#8243; _module_preset=&#8221;default&#8221; global_colors_info=&#8221;{}&#8221;][et_pb_image src=&#8221;https:\/\/conectividad.campeche.gob.mx\/wp-content\/uploads\/Logo_Petroleos_Mexicanos.svg&#8221; title_text=&#8221;Logo_Petro\u0301leos_Mexicanos&#8221; align=&#8221;center&#8221; _builder_version=&#8221;4.19.2&#8243; _module_preset=&#8221;default&#8221; width=&#8221;53%&#8221; global_colors_info=&#8221;{}&#8221;][\/et_pb_image][\/et_pb_column][et_pb_column type=&#8221;3_4&#8243; _builder_version=&#8221;4.19.2&#8243; _module_preset=&#8221;default&#8221; global_colors_info=&#8221;{}&#8221;][et_pb_text _builder_version=&#8221;4.19.2&#8243; _module_preset=&#8221;default&#8221; text_text_color=&#8221;#6b6b6b&#8221; text_font_size=&#8221;18px&#8221; global_colors_info=&#8221;{}&#8221;]<\/p>\n<p style=\"text-align: justify;\"><strong>Petr\u00f3leos Mexicanos (PEMEX)<\/strong>\u00a0a trav\u00e9s de su Programa de Apoyo a las Comunidades y el Medio Ambiente (PACMA) aport\u00f3 el costo de la fibra \u00f3ptica para construir la Red Dorsal Estatal que consta de 922 km y cubre 12 de las 13 cabeceras municipales del estado.<\/p>\n<p>[\/et_pb_text][\/et_pb_column][\/et_pb_row][et_pb_row column_structure=&#8221;1_4,3_4&#8243; _builder_version=&#8221;4.19.2&#8243; _module_preset=&#8221;default&#8221; global_colors_info=&#8221;{}&#8221;][et_pb_column type=&#8221;1_4&#8243; _builder_version=&#8221;4.19.2&#8243; _module_preset=&#8221;default&#8221; global_colors_info=&#8221;{}&#8221;][et_pb_image src=&#8221;https:\/\/conectividad.campeche.gob.mx\/wp-content\/uploads\/2023\/05\/icn_gobierno.svg&#8221; title_text=&#8221;icn_gobierno&#8221; align=&#8221;center&#8221; _builder_version=&#8221;4.19.2&#8243; _module_preset=&#8221;default&#8221; width=&#8221;40%&#8221; global_colors_info=&#8221;{}&#8221;][\/et_pb_image][\/et_pb_column][et_pb_column type=&#8221;3_4&#8243; _builder_version=&#8221;4.19.2&#8243; _module_preset=&#8221;default&#8221; global_colors_info=&#8221;{}&#8221;][et_pb_text _builder_version=&#8221;4.19.2&#8243; _module_preset=&#8221;default&#8221; text_text_color=&#8221;#6b6b6b&#8221; text_font_size=&#8221;18px&#8221; global_colors_info=&#8221;{}&#8221;]<\/p>\n<p style=\"text-align: justify;\"><strong>Instituciones de Educaci\u00f3n Superior del Estado <\/strong>la colaboraci\u00f3n con las universidades e institutos tecnol\u00f3gicos ha facilitado la integraci\u00f3n del proyecto con los curr\u00edculos y actividades acad\u00e9micas, maximizando su impacto en la educaci\u00f3n. Esta sinergia entre el sector educativo y la infraestructura digital ha sido un factor clave para el \u00e9xito del proyecto.<\/p>\n<p>[\/et_pb_text][\/et_pb_column][\/et_pb_row][et_pb_row column_structure=&#8221;1_4,3_4&#8243; _builder_version=&#8221;4.19.2&#8243; _module_preset=&#8221;default&#8221; global_colors_info=&#8221;{}&#8221;][et_pb_column type=&#8221;1_4&#8243; _builder_version=&#8221;4.19.2&#8243; _module_preset=&#8221;default&#8221; global_colors_info=&#8221;{}&#8221;][et_pb_image src=&#8221;https:\/\/conectividad.campeche.gob.mx\/wp-content\/uploads\/descarga.png&#8221; title_text=&#8221;descarga&#8221; align=&#8221;center&#8221; _builder_version=&#8221;4.19.2&#8243; _module_preset=&#8221;default&#8221; width=&#8221;80%&#8221; global_colors_info=&#8221;{}&#8221;][\/et_pb_image][\/et_pb_column][et_pb_column type=&#8221;3_4&#8243; _builder_version=&#8221;4.19.2&#8243; _module_preset=&#8221;default&#8221; global_colors_info=&#8221;{}&#8221;][et_pb_text _builder_version=&#8221;4.19.2&#8243; _module_preset=&#8221;default&#8221; text_text_color=&#8221;#6b6b6b&#8221; text_font_size=&#8221;18px&#8221; global_colors_info=&#8221;{}&#8221;]<\/p>\n<p style=\"text-align: justify;\"><strong>Cotemar S.A. de C.V.<\/strong> es una empresa de la industria petrolera que junto con el gobierno de Campeche gestion\u00f3 el apoyo de Petr\u00f3leos Mexicanos (PEMEX) y nos apoy\u00f3 directamente con apoyos log\u00edsticos para el desarrollo del proyecto.<\/p>\n<p>[\/et_pb_text][\/et_pb_column][\/et_pb_row][et_pb_row column_structure=&#8221;1_4,3_4&#8243; _builder_version=&#8221;4.19.2&#8243; _module_preset=&#8221;default&#8221; global_colors_info=&#8221;{}&#8221;][et_pb_column type=&#8221;1_4&#8243; _builder_version=&#8221;4.19.2&#8243; _module_preset=&#8221;default&#8221; global_colors_info=&#8221;{}&#8221;][et_pb_image src=&#8221;https:\/\/conectividad.campeche.gob.mx\/wp-content\/uploads\/58ac4d880aaa10546adf2711.png&#8221; title_text=&#8221;58ac4d880aaa10546adf2711&#8243; align=&#8221;center&#8221; _builder_version=&#8221;4.19.2&#8243; _module_preset=&#8221;default&#8221; width=&#8221;50%&#8221; global_colors_info=&#8221;{}&#8221;][\/et_pb_image][\/et_pb_column][et_pb_column type=&#8221;3_4&#8243; _builder_version=&#8221;4.19.2&#8243; _module_preset=&#8221;default&#8221; global_colors_info=&#8221;{}&#8221;][et_pb_text _builder_version=&#8221;4.19.2&#8243; _module_preset=&#8221;default&#8221; text_text_color=&#8221;#6b6b6b&#8221; text_font_size=&#8221;18px&#8221; global_colors_info=&#8221;{}&#8221;]<\/p>\n<p style=\"text-align: justify;\"><strong>Huawei Technologies<\/strong> como proveedor principal del equipamiento de la distribuci\u00f3n de banda ancha contribuye con su avanzada tecnolog\u00eda para asegurar una red robusta y eficiente permitiendo que el proyecto ofrezca un servicio de internet de alta calidad crucial para llevar a cabo las actividades educativas, de salud y gubernamentales que requiere la poblaci\u00f3n del estado.<\/p>\n<p>[\/et_pb_text][\/et_pb_column][\/et_pb_row][et_pb_row column_structure=&#8221;1_4,3_4&#8243; _builder_version=&#8221;4.19.2&#8243; _module_preset=&#8221;default&#8221; min_height=&#8221;177.4px&#8221; custom_padding=&#8221;||3px|||&#8221; global_colors_info=&#8221;{}&#8221;][et_pb_column type=&#8221;1_4&#8243; _builder_version=&#8221;4.19.2&#8243; _module_preset=&#8221;default&#8221; global_colors_info=&#8221;{}&#8221;][et_pb_image src=&#8221;https:\/\/conectividad.campeche.gob.mx\/wp-content\/uploads\/Edilar-logo.webp&#8221; title_text=&#8221;Edilar-logo&#8221; align=&#8221;center&#8221; _builder_version=&#8221;4.19.2&#8243; _module_preset=&#8221;default&#8221; width=&#8221;110%&#8221; custom_margin=&#8221;47px||70px|||&#8221; global_colors_info=&#8221;{}&#8221;][\/et_pb_image][\/et_pb_column][et_pb_column type=&#8221;3_4&#8243; _builder_version=&#8221;4.19.2&#8243; _module_preset=&#8221;default&#8221; global_colors_info=&#8221;{}&#8221;][et_pb_text _builder_version=&#8221;4.19.2&#8243; _module_preset=&#8221;default&#8221; text_text_color=&#8221;#6b6b6b&#8221; text_font_size=&#8221;18px&#8221; global_colors_info=&#8221;{}&#8221;]<\/p>\n<p style=\"text-align: justify;\"><strong>Edilar, S.A. de C.V.<\/strong> en su car\u00e1cter de Google for Education Partner, ha enriquecido el proyecto con recursos y contenidos digitales, incluyendo\u00a0 el establecimiento de bibliotecas digitales y talleres de rob\u00f3tica. Esto ha incidido en la alfabetizaci\u00f3n digital de la poblaci\u00f3n tanto en localidades urbanas como en comunidades remotas y ha mejorado las oportunidades educativas en la regi\u00f3n.<\/p>\n<p>[\/et_pb_text][\/et_pb_column][\/et_pb_row][et_pb_row column_structure=&#8221;1_4,3_4&#8243; _builder_version=&#8221;4.19.2&#8243; _module_preset=&#8221;default&#8221; global_colors_info=&#8221;{}&#8221;][et_pb_column type=&#8221;1_4&#8243; _builder_version=&#8221;4.19.2&#8243; _module_preset=&#8221;default&#8221; global_colors_info=&#8221;{}&#8221;][et_pb_image src=&#8221;https:\/\/conectividad.campeche.gob.mx\/wp-content\/uploads\/sit-logo-1.png&#8221; title_text=&#8221;sit-logo&#8221; align=&#8221;center&#8221; _builder_version=&#8221;4.19.2&#8243; _module_preset=&#8221;default&#8221; width=&#8221;70%&#8221; animation_style=&#8221;fade&#8221; global_colors_info=&#8221;{}&#8221;][\/et_pb_image][\/et_pb_column][et_pb_column type=&#8221;3_4&#8243; _builder_version=&#8221;4.19.2&#8243; _module_preset=&#8221;default&#8221; global_colors_info=&#8221;{}&#8221;][et_pb_text _builder_version=&#8221;4.19.2&#8243; _module_preset=&#8221;default&#8221; text_text_color=&#8221;#6b6b6b&#8221; text_font_size=&#8221;18px&#8221; global_colors_info=&#8221;{}&#8221;]<\/p>\n<p style=\"text-align: justify;\"><strong>SITWIFI S.A. de C.V.<\/strong> Como proveedor principal de la estrategia para distribuir la conectividad de forma inal\u00e1mbrica en las 300 localidades que integran el proyecto aportando su experiencia y profesionalismo.<\/p>\n<p>[\/et_pb_text][\/et_pb_column][\/et_pb_row][et_pb_row _builder_version=&#8221;4.19.2&#8243; _module_preset=&#8221;default&#8221; global_colors_info=&#8221;{}&#8221;][et_pb_column type=&#8221;4_4&#8243; _builder_version=&#8221;4.19.2&#8243; _module_preset=&#8221;default&#8221; global_colors_info=&#8221;{}&#8221;][et_pb_text _builder_version=&#8221;4.19.2&#8243; _module_preset=&#8221;default&#8221; text_text_color=&#8221;#6b6b6b&#8221; text_font_size=&#8221;18px&#8221; global_colors_info=&#8221;{}&#8221;]<\/p>\n<p style=\"text-align: justify;\">El proyecto \u201cConectividad para Todos\u201d es un ejemplo destacado de c\u00f3mo las alianzas p\u00fablico-privadas y la colaboraci\u00f3n intersectorial pueden llevar a cabo transformaciones significativas en la sociedad. Estas alianzas han permitido superar desaf\u00edos log\u00edsticos y financieros, asegurando la sostenibilidad y la eficiencia del proyecto. La combinaci\u00f3n de experiencia y recursos de diferentes actores ha resultado en una implementaci\u00f3n m\u00e1s r\u00e1pida y efectiva, maximizando el impacto en las comunidades beneficiadas.<\/p>\n<p>[\/et_pb_text][\/et_pb_column][\/et_pb_row][et_pb_row column_structure=&#8221;2_3,1_3&#8243; _builder_version=&#8221;4.19.2&#8243; _module_preset=&#8221;default&#8221; global_colors_info=&#8221;{}&#8221;][et_pb_column type=&#8221;2_3&#8243; _builder_version=&#8221;4.19.2&#8243; _module_preset=&#8221;default&#8221; global_colors_info=&#8221;{}&#8221;][et_pb_text _builder_version=&#8221;4.19.2&#8243; _module_preset=&#8221;default&#8221; text_text_color=&#8221;#6b6b6b&#8221; text_font_size=&#8221;18px&#8221; global_colors_info=&#8221;{}&#8221;]<\/p>\n<p style=\"text-align: justify;\">El \u00e9xito del proyecto \u201cConectividad para Todos\u201d reside en su capacidad para incluir a la poblaci\u00f3n campechana a los beneficios de la econom\u00eda digital, ofreciendo acceso a las Tecnolog\u00edas de la Informaci\u00f3n, aumentando los \u00edndices de aprovechamiento escolar y proporcionando mejores oportunidades de desarrollo, este proyecto no solo reduce la brecha digital sino tambi\u00e9n demuestra c\u00f3mo la colaboraci\u00f3n estrat\u00e9gica acelera el proceso de inclusi\u00f3n a una sociedad con mejores herramientas para afrontar los cambios tecnol\u00f3gicos en el futuro inmediato.<\/p>\n<p>[\/et_pb_text][\/et_pb_column][et_pb_column type=&#8221;1_3&#8243; _builder_version=&#8221;4.19.2&#8243; _module_preset=&#8221;default&#8221; global_colors_info=&#8221;{}&#8221;][et_pb_image src=&#8221;https:\/\/conectividad.campeche.gob.mx\/wp-content\/uploads\/cotemar_pacma.jpg&#8221; title_text=&#8221;cotemar_pacma&#8221; show_in_lightbox=&#8221;on&#8221; align=&#8221;center&#8221; _builder_version=&#8221;4.19.2&#8243; _module_preset=&#8221;default&#8221; animation_style=&#8221;fade&#8221; box_shadow_style=&#8221;preset1&#8243; global_colors_info=&#8221;{}&#8221;][\/et_pb_image][et_pb_text _builder_version=&#8221;4.19.2&#8243; _module_preset=&#8221;default&#8221; custom_margin=&#8221;-27px|||||&#8221; global_colors_info=&#8221;{}&#8221;]<\/p>\n<p style=\"text-align: center;\"><em>Cotemar, PacMar y Ricardo L\u00f3pez G\u00f3mez<\/em><\/p>\n<p>[\/et_pb_text][\/et_pb_column][\/et_pb_row][\/et_pb_section]<\/p>\n","protected":false},"excerpt":{"rendered":"<p>AlianzasEl proyecto \u201cConectividad para Todos\u201d establece alianzas estrat\u00e9gicas para contar con recursos esenciales y enriquecer el proyecto con experiencia y conocimientos especializados. La participaci\u00f3n de los sectores p\u00fablico, privado y social ha permitido ampliar el alcance y potencial de la inversi\u00f3n, as\u00ed como ampliar el espectro de impactos para la poblaci\u00f3n.Petr\u00f3leos Mexicanos (PEMEX)\u00a0a trav\u00e9s de [&hellip;]<\/p>\n","protected":false},"author":1,"featured_media":0,"parent":0,"menu_order":0,"comment_status":"closed","ping_status":"closed","template":"","meta":{"_et_pb_use_builder":"on","_et_pb_old_content":"","_et_gb_content_width":"","inline_featured_image":false},"acf":[],"_links":{"self":[{"href":"https:\/\/conectividad.campeche.gob.mx\/index.php?rest_route=\/wp\/v2\/pages\/1594"}],"collection":[{"href":"https:\/\/conectividad.campeche.gob.mx\/index.php?rest_route=\/wp\/v2\/pages"}],"about":[{"href":"https:\/\/conectividad.campeche.gob.mx\/index.php?rest_route=\/wp\/v2\/types\/page"}],"author":[{"embeddable":true,"href":"https:\/\/conectividad.campeche.gob.mx\/index.php?rest_route=\/wp\/v2\/users\/1"}],"replies":[{"embeddable":true,"href":"https:\/\/conectividad.campeche.gob.mx\/index.php?rest_route=%2Fwp%2Fv2%2Fcomments&post=1594"}],"version-history":[{"count":18,"href":"https:\/\/conectividad.campeche.gob.mx\/index.php?rest_route=\/wp\/v2\/pages\/1594\/revisions"}],"predecessor-version":[{"id":2139,"href":"https:\/\/conectividad.campeche.gob.mx\/index.php?rest_route=\/wp\/v2\/pages\/1594\/revisions\/2139"}],"wp:attachment":[{"href":"https:\/\/conectividad.campeche.gob.mx\/index.php?rest_route=%2Fwp%2Fv2%2Fmedia&parent=1594"}],"curies":[{"name":"wp","href":"https:\/\/api.w.org\/{rel}","templated":true}]}}