{"id":1600,"date":"2024-01-29T11:24:20","date_gmt":"2024-01-29T17:24:20","guid":{"rendered":"https:\/\/conectividad.campeche.gob.mx\/?page_id=1600"},"modified":"2025-12-18T10:55:57","modified_gmt":"2025-12-18T16:55:57","slug":"sostenibilidad","status":"publish","type":"page","link":"https:\/\/conectividad.campeche.gob.mx\/?page_id=1600","title":{"rendered":"Sostenibilidad"},"content":{"rendered":"<p>[et_pb_section fb_built=&#8221;1&#8243; _builder_version=&#8221;4.25.1&#8243; _module_preset=&#8221;default&#8221; background_color=&#8221;#9F2241&#8243; global_colors_info=&#8221;{}&#8221;][et_pb_row _builder_version=&#8221;4.19.2&#8243; _module_preset=&#8221;default&#8221; global_colors_info=&#8221;{}&#8221;][et_pb_column type=&#8221;4_4&#8243; _builder_version=&#8221;4.19.2&#8243; _module_preset=&#8221;default&#8221; global_colors_info=&#8221;{}&#8221;][et_pb_text _builder_version=&#8221;4.19.2&#8243; _module_preset=&#8221;default&#8221; header_font=&#8221;|600|on||||||&#8221; header_text_color=&#8221;#FFFFFF&#8221; animation_style=&#8221;fade&#8221; global_colors_info=&#8221;{}&#8221;]<\/p>\n<h1 style=\"text-align: center;\">Sostenibilidad<\/h1>\n<p>[\/et_pb_text][\/et_pb_column][\/et_pb_row][\/et_pb_section][et_pb_section fb_built=&#8221;1&#8243; _builder_version=&#8221;4.19.2&#8243; _module_preset=&#8221;default&#8221; global_colors_info=&#8221;{}&#8221;][et_pb_row _builder_version=&#8221;4.19.2&#8243; _module_preset=&#8221;default&#8221; global_colors_info=&#8221;{}&#8221;][et_pb_column type=&#8221;4_4&#8243; _builder_version=&#8221;4.19.2&#8243; _module_preset=&#8221;default&#8221; global_colors_info=&#8221;{}&#8221;][et_pb_text _builder_version=&#8221;4.25.1&#8243; _module_preset=&#8221;default&#8221; text_font_size=&#8221;18px&#8221; hover_enabled=&#8221;0&#8243; global_colors_info=&#8221;{}&#8221; sticky_enabled=&#8221;0&#8243;]<\/p>\n<p style=\"text-align: justify;\">El proyecto de conectividad para todos es sostenible gracias a la planificaci\u00f3n de la instalaci\u00f3n de la Infraestructura P\u00fablica Digital necesaria para el acceso a internet, creando dos servicios para cubrir 300 localidades donde vive el 92% de la poblaci\u00f3n de Campeche:<\/p>\n<p style=\"text-align: justify;\">1. La Red Dorsal del Estado, que incluye la instalaci\u00f3n de fibra \u00f3ptica que conecte los centros urbanos de 12 municipios.<\/p>\n<p style=\"text-align: justify;\">2. Y una Red de Conexi\u00f3n Remota Inal\u00e1mbrica que cubre las localidades rurales de dif\u00edcil acceso.<\/p>\n<p style=\"text-align: justify;\">Este sistema proporciona una red segura y resiliente con una administraci\u00f3n central que controla autom\u00e1ticamente todos los puntos de acceso, brindando la conectividad necesaria para que la poblaci\u00f3n realice sus tareas educativas, de salud o de gobierno.<\/p>\n<p style=\"text-align: justify;\">Tambi\u00e9n es sustentable por las alianzas estrat\u00e9gicas con instituciones p\u00fablicas y privadas, donde las instituciones p\u00fablicas a trav\u00e9s de convenios de colaboraci\u00f3n nos permitieron utilizar su infraestructura y las instituciones privadas nos brindaron todo el apoyo necesario para llevar a cabo el proyecto con la m\u00e1s alta tecnolog\u00eda. y al mejor precio posible.<\/p>\n<p style=\"text-align: justify;\">Aprovechamos la infraestructura de telecomunicaciones instalada en edificios p\u00fablicos, principalmente en las torres y tanques de agua, para la distribuci\u00f3n de internet inal\u00e1mbrico a escuelas, bibliotecas, centros de salud y parques p\u00fablicos.<br \/>Instalamos los equipos de distribuci\u00f3n de banda ancha en el mismo espacio donde las instituciones de educaci\u00f3n superior tienen los suyos, compartiendo aire acondicionado, personal de seguridad e instalaci\u00f3n el\u00e9ctrica.<\/p>\n<p style=\"text-align: justify;\">Con la Red de Conexi\u00f3n Remota Inal\u00e1mbrica llevamos conectividad gratuita a lugares rurales y remotos donde las escuelas contrataban servicios de conectividad a precios muy altos con empresas de telecomunicaciones que les cobraban el costo de instalaci\u00f3n de infraestructura; y la poblaci\u00f3n gast\u00f3 alrededor del 10% de su salario para poder comunicarse comprando este servicio a empresarios no regulados que tienen precios muy altos.<\/p>\n<p style=\"text-align: justify;\">Los ahorros generados en los servicios de internet para instituciones locales y oficinas de gobierno, junto con la reducci\u00f3n de costos de transporte por el uso de conectividad mediante aplicaciones de voz y datos, videoconferencias y visualizaci\u00f3n de contenidos educativos, nos permiten cubrir los costos de mantenimiento. Esta autogesti\u00f3n financiera, combinada con el impacto social y econ\u00f3mico positivo, garantiza la viabilidad a largo plazo del proyecto.<\/p>\n<p>[\/et_pb_text][\/et_pb_column][\/et_pb_row][\/et_pb_section]<\/p>\n","protected":false},"excerpt":{"rendered":"<p>SostenibilidadEl proyecto de conectividad para todos es sostenible gracias a la planificaci\u00f3n de la instalaci\u00f3n de la Infraestructura P\u00fablica Digital necesaria para el acceso a internet, creando dos servicios para cubrir 300 localidades donde vive el 92% de la poblaci\u00f3n de Campeche: 1. La Red Dorsal del Estado, que incluye la instalaci\u00f3n de fibra \u00f3ptica [&hellip;]<\/p>\n","protected":false},"author":1,"featured_media":0,"parent":0,"menu_order":0,"comment_status":"closed","ping_status":"closed","template":"","meta":{"_et_pb_use_builder":"on","_et_pb_old_content":"","_et_gb_content_width":"","inline_featured_image":false},"acf":[],"_links":{"self":[{"href":"https:\/\/conectividad.campeche.gob.mx\/index.php?rest_route=\/wp\/v2\/pages\/1600"}],"collection":[{"href":"https:\/\/conectividad.campeche.gob.mx\/index.php?rest_route=\/wp\/v2\/pages"}],"about":[{"href":"https:\/\/conectividad.campeche.gob.mx\/index.php?rest_route=\/wp\/v2\/types\/page"}],"author":[{"embeddable":true,"href":"https:\/\/conectividad.campeche.gob.mx\/index.php?rest_route=\/wp\/v2\/users\/1"}],"replies":[{"embeddable":true,"href":"https:\/\/conectividad.campeche.gob.mx\/index.php?rest_route=%2Fwp%2Fv2%2Fcomments&post=1600"}],"version-history":[{"count":17,"href":"https:\/\/conectividad.campeche.gob.mx\/index.php?rest_route=\/wp\/v2\/pages\/1600\/revisions"}],"predecessor-version":[{"id":2183,"href":"https:\/\/conectividad.campeche.gob.mx\/index.php?rest_route=\/wp\/v2\/pages\/1600\/revisions\/2183"}],"wp:attachment":[{"href":"https:\/\/conectividad.campeche.gob.mx\/index.php?rest_route=%2Fwp%2Fv2%2Fmedia&parent=1600"}],"curies":[{"name":"wp","href":"https:\/\/api.w.org\/{rel}","templated":true}]}}