{"id":1605,"date":"2024-01-29T11:31:49","date_gmt":"2024-01-29T17:31:49","guid":{"rendered":"https:\/\/conectividad.campeche.gob.mx\/?page_id=1605"},"modified":"2024-06-03T08:10:34","modified_gmt":"2024-06-03T14:10:34","slug":"valores-cmsi","status":"publish","type":"page","link":"https:\/\/conectividad.campeche.gob.mx\/?page_id=1605","title":{"rendered":"Valores | CMSI"},"content":{"rendered":"<p>[et_pb_section fb_built=&#8221;1&#8243; _builder_version=&#8221;4.25.1&#8243; _module_preset=&#8221;default&#8221; background_color=&#8221;#9F2241&#8243; global_colors_info=&#8221;{}&#8221;][et_pb_row _builder_version=&#8221;4.19.2&#8243; _module_preset=&#8221;default&#8221; global_colors_info=&#8221;{}&#8221;][et_pb_column type=&#8221;4_4&#8243; _builder_version=&#8221;4.19.2&#8243; _module_preset=&#8221;default&#8221; global_colors_info=&#8221;{}&#8221;][et_pb_text _builder_version=&#8221;4.19.2&#8243; _module_preset=&#8221;default&#8221; header_font=&#8221;|600|on||||||&#8221; header_text_color=&#8221;#FFFFFF&#8221; global_colors_info=&#8221;{}&#8221;]<\/p>\n<h1 style=\"text-align: center;\">Valores | CMSI<\/h1>\n<p>[\/et_pb_text][\/et_pb_column][\/et_pb_row][\/et_pb_section][et_pb_section fb_built=&#8221;1&#8243; _builder_version=&#8221;4.19.2&#8243; _module_preset=&#8221;default&#8221; global_colors_info=&#8221;{}&#8221;][et_pb_row _builder_version=&#8221;4.19.2&#8243; _module_preset=&#8221;default&#8221; global_colors_info=&#8221;{}&#8221;][et_pb_column type=&#8221;4_4&#8243; _builder_version=&#8221;4.19.2&#8243; _module_preset=&#8221;default&#8221; global_colors_info=&#8221;{}&#8221;][et_pb_text _builder_version=&#8221;4.19.2&#8243; _module_preset=&#8221;default&#8221; text_font_size=&#8221;18px&#8221; global_colors_info=&#8221;{}&#8221;]<\/p>\n<p style=\"text-align: justify;\">El proyecto \u201cConectividad para Todos\u201d promueve los valores de la Cumbre Mundial de la Sociedad de la Informaci\u00f3n (WSIS) en el estado de Campeche en M\u00e9xico al fomentar la inclusi\u00f3n digital y el acceso equitativo a las Tecnolog\u00edas de la Informaci\u00f3n a trav\u00e9s de la instalaci\u00f3n de la Infraestructura Digital P\u00fablica en 300 localidades en las que habita el 92% de la poblaci\u00f3n garantizando el acceso a internet a comunidades que estaban desconectadas estableciendo mejores condiciones para llevar a cabo sus actividades en las escuelas, en los centros de salud y los servicios gubernamentales. Este enfoque de inclusi\u00f3n y desarrollo sostenible refleja directamente los objetivos de WSIS\u00a0 de construir una sociedad de la informaci\u00f3n inclusiva y orientada al desarrollo humano.<\/p>\n<p>[\/et_pb_text][et_pb_text _builder_version=&#8221;4.19.2&#8243; _module_preset=&#8221;default&#8221; text_font_size=&#8221;18px&#8221; global_colors_info=&#8221;{}&#8221;]<\/p>\n<p style=\"text-align: justify;\">El gobierno de Campeche junto con otras instituciones de gobierno, con las empresas tecnol\u00f3gicas, las instituciones de educaci\u00f3n superior y las agrupaciones de acad\u00e9micos adem\u00e1s de llevar la conectividad instal\u00f3 13 bibliotecas digitales en las cabeceras de los 13 municipios para que la poblaci\u00f3n de estas localidades tengan acceso y capacitaci\u00f3n en las Tecnolog\u00edas de la Informaci\u00f3n y la Comunicaci\u00f3n.<\/p>\n<p>[\/et_pb_text][et_pb_code _builder_version=&#8221;4.25.1&#8243; _module_preset=&#8221;default&#8221; hover_enabled=&#8221;0&#8243; global_colors_info=&#8221;{}&#8221; sticky_enabled=&#8221;0&#8243;]<!DOCTYPE html><!-- [et_pb_line_break_holder] --><html lang=\"en\"><!-- [et_pb_line_break_holder] --><head><!-- [et_pb_line_break_holder] --><meta charset=\"UTF-8\"><!-- [et_pb_line_break_holder] --><meta name=\"viewport\" content=\"width=device-width, initial-scale=1.0\"><!-- [et_pb_line_break_holder] --><title>Galer\u00eda Slider<\/title><!-- [et_pb_line_break_holder] --><\/p>\n<style><!-- [et_pb_line_break_holder] -->  * {<!-- [et_pb_line_break_holder] -->    box-sizing: border-box;<!-- [et_pb_line_break_holder] -->    margin: 0;<!-- [et_pb_line_break_holder] -->    padding: 0;<!-- [et_pb_line_break_holder] -->  }<!-- [et_pb_line_break_holder] --><!-- [et_pb_line_break_holder] -->  .slider-container {<!-- [et_pb_line_break_holder] -->    position: relative;<!-- [et_pb_line_break_holder] -->    width: 100%;<!-- [et_pb_line_break_holder] -->    max-width: 800px;<!-- [et_pb_line_break_holder] -->    margin: auto;<!-- [et_pb_line_break_holder] -->    overflow: hidden;<!-- [et_pb_line_break_holder] -->  }<!-- [et_pb_line_break_holder] --><!-- [et_pb_line_break_holder] -->  .slider {<!-- [et_pb_line_break_holder] -->    display: flex;<!-- [et_pb_line_break_holder] -->    transition: transform 0.5s ease;<!-- [et_pb_line_break_holder] -->  }<!-- [et_pb_line_break_holder] --><!-- [et_pb_line_break_holder] -->  .slide {<!-- [et_pb_line_break_holder] -->    min-width: 100%;<!-- [et_pb_line_break_holder] -->  }<!-- [et_pb_line_break_holder] --><!-- [et_pb_line_break_holder] -->  .slider-controls {<!-- [et_pb_line_break_holder] -->    display: flex;<!-- [et_pb_line_break_holder] -->    justify-content: space-between; \/* Distribuye los elementos al principio y al final *\/<!-- [et_pb_line_break_holder] -->    align-items: center; \/* Centra verticalmente los elementos *\/<!-- [et_pb_line_break_holder] -->    margin-top: 10px; \/* A\u00f1ade espacio entre la imagen y los controles *\/<!-- [et_pb_line_break_holder] -->  }<!-- [et_pb_line_break_holder] --><!-- [et_pb_line_break_holder] -->  .slider-control {<!-- [et_pb_line_break_holder] -->    cursor: pointer;<!-- [et_pb_line_break_holder] -->  }<!-- [et_pb_line_break_holder] --><!-- [et_pb_line_break_holder] -->  .slider-dots {<!-- [et_pb_line_break_holder] -->    display: flex; \/* Muestra los puntos en l\u00ednea *\/<!-- [et_pb_line_break_holder] -->  }<!-- [et_pb_line_break_holder] --><!-- [et_pb_line_break_holder] -->  .slider-dot {<!-- [et_pb_line_break_holder] -->    width: 10px;<!-- [et_pb_line_break_holder] -->    height: 10px;<!-- [et_pb_line_break_holder] -->    border-radius: 50%;<!-- [et_pb_line_break_holder] -->    background-color: #555;<!-- [et_pb_line_break_holder] -->    transition: background-color 0.3s ease;<!-- [et_pb_line_break_holder] -->    margin: 0 5px; \/* Espacio entre los puntos *\/<!-- [et_pb_line_break_holder] -->  }<!-- [et_pb_line_break_holder] --><!-- [et_pb_line_break_holder] -->  .slider-dot.active {<!-- [et_pb_line_break_holder] -->    background-color: #691c32;<!-- [et_pb_line_break_holder] -->  }<!-- [et_pb_line_break_holder] --><\/style>\n<p><!-- [et_pb_line_break_holder] --><\/head><!-- [et_pb_line_break_holder] --><body><!-- [et_pb_line_break_holder] --><!-- [et_pb_line_break_holder] --><\/p>\n<div class=\"slider-container\"><!-- [et_pb_line_break_holder] -->  <\/p>\n<div class=\"slider\"><!-- [et_pb_line_break_holder] -->    <\/p>\n<div class=\"slide\"><img decoding=\"async\" src=\"https:\/\/conectividad.campeche.gob.mx\/wp-content\/uploads\/b_calkini.jpg\" alt=\"imagen1.jpg\"><\/div>\n<p><!-- [et_pb_line_break_holder] -->    <\/p>\n<div class=\"slide\"><img decoding=\"async\" src=\"https:\/\/conectividad.campeche.gob.mx\/wp-content\/uploads\/b_campeche.jpg\" alt=\"Imagen 2\"><\/div>\n<p><!-- [et_pb_line_break_holder] -->    <\/p>\n<div class=\"slide\"><img decoding=\"async\" src=\"https:\/\/conectividad.campeche.gob.mx\/wp-content\/uploads\/b_candelaria.jpg\" alt=\"Imagen 3\"><\/div>\n<p><!-- [et_pb_line_break_holder] -->    <\/p>\n<div class=\"slide\"><img decoding=\"async\" src=\"https:\/\/conectividad.campeche.gob.mx\/wp-content\/uploads\/b_carmen.jpg\" alt=\"Imagen 4\"><\/div>\n<p><!-- [et_pb_line_break_holder] -->    <\/p>\n<div class=\"slide\"><img decoding=\"async\" src=\"https:\/\/connectivityforall.campeche.gob.mx\/wp-content\/uploads\/b_champoton.jpg\" alt=\"Imagen 5\"><\/div>\n<p><!-- [et_pb_line_break_holder] -->    <\/p>\n<div class=\"slide\"><img decoding=\"async\" src=\"https:\/\/conectividad.campeche.gob.mx\/wp-content\/uploads\/b_dzitbalche.jpg\" alt=\"Imagen 6\"><\/div>\n<p><!-- [et_pb_line_break_holder] -->    <\/p>\n<div class=\"slide\"><img decoding=\"async\" src=\"https:\/\/conectividad.campeche.gob.mx\/wp-content\/uploads\/b_tenabo.jpg\" alt=\"Imagen 7\"><\/div>\n<p><!-- [et_pb_line_break_holder] -->    <\/p>\n<div class=\"slide\"><img decoding=\"async\" src=\"https:\/\/conectividad.campeche.gob.mx\/wp-content\/uploads\/b_hecelchakan.jpg\" alt=\"Imagen 8\"><\/div>\n<p><!-- [et_pb_line_break_holder] -->    <\/p>\n<div class=\"slide\"><img decoding=\"async\" src=\"https:\/\/conectividad.campeche.gob.mx\/wp-content\/uploads\/b_escarcega.jpg\" alt=\"Imagen 9\"><\/div>\n<p><!-- [et_pb_line_break_holder] -->    <\/p>\n<div class=\"slide\"><img decoding=\"async\" src=\"https:\/\/conectividad.campeche.gob.mx\/wp-content\/uploads\/b_hecelchakan.jpg\" alt=\"Imagen 10\"><\/div>\n<p><!-- [et_pb_line_break_holder] -->    <\/p>\n<div class=\"slide\"><img decoding=\"async\" src=\"https:\/\/conectividad.campeche.gob.mx\/wp-content\/uploads\/b_hopelchen.jpg\" alt=\"Imagen 11\"><\/div>\n<p><!-- [et_pb_line_break_holder] -->    <\/p>\n<div class=\"slide\"><img decoding=\"async\" src=\"https:\/\/conectividad.campeche.gob.mx\/wp-content\/uploads\/b_palizada.jpg\" alt=\"Imagen 12\"><\/div>\n<p><!-- [et_pb_line_break_holder] -->  <\/div>\n<p><!-- [et_pb_line_break_holder] --><!-- [et_pb_line_break_holder] -->  <\/p>\n<div class=\"slider-controls\"><!-- [et_pb_line_break_holder] -->    <\/p>\n<div class=\"slider-control prev\">\u276e<\/div>\n<p><!-- [et_pb_line_break_holder] -->    <\/p>\n<div class=\"slider-dots\"><!-- [et_pb_line_break_holder] -->      <\/p>\n<div class=\"slider-dot\"><\/div>\n<p><!-- [et_pb_line_break_holder] -->      <\/p>\n<div class=\"slider-dot\"><\/div>\n<p><!-- [et_pb_line_break_holder] -->      <\/p>\n<div class=\"slider-dot\"><\/div>\n<p><!-- [et_pb_line_break_holder] -->      <\/p>\n<div class=\"slider-dot\"><\/div>\n<p><!-- [et_pb_line_break_holder] -->      <\/p>\n<div class=\"slider-dot\"><\/div>\n<p><!-- [et_pb_line_break_holder] -->      <\/p>\n<div class=\"slider-dot\"><\/div>\n<p><!-- [et_pb_line_break_holder] -->      <\/p>\n<div class=\"slider-dot\"><\/div>\n<p><!-- [et_pb_line_break_holder] -->      <\/p>\n<div class=\"slider-dot\"><\/div>\n<p><!-- [et_pb_line_break_holder] -->      <\/p>\n<div class=\"slider-dot\"><\/div>\n<p><!-- [et_pb_line_break_holder] -->      <\/p>\n<div class=\"slider-dot\"><\/div>\n<p><!-- [et_pb_line_break_holder] -->      <\/p>\n<div class=\"slider-dot\"><\/div>\n<p><!-- [et_pb_line_break_holder] -->      <\/p>\n<div class=\"slider-dot\"><\/div>\n<p><!-- [et_pb_line_break_holder] -->    <\/div>\n<p><!-- [et_pb_line_break_holder] -->    <\/p>\n<div class=\"slider-control next\">\u276f<\/div>\n<p><!-- [et_pb_line_break_holder] -->  <\/div>\n<p><!-- [et_pb_line_break_holder] --><\/div>\n<p><!-- [et_pb_line_break_holder] --><!-- [et_pb_line_break_holder] --><script><!-- [et_pb_line_break_holder] -->  document.addEventListener(\"DOMContentLoaded\", function() {<!-- [et_pb_line_break_holder] -->    const slides = document.querySelectorAll(\".slide\");<!-- [et_pb_line_break_holder] -->    const dots = document.querySelectorAll(\".slider-dot\");<!-- [et_pb_line_break_holder] -->    let index = 0;<!-- [et_pb_line_break_holder] --><!-- [et_pb_line_break_holder] -->    function showSlide(n) {<!-- [et_pb_line_break_holder] -->      if (n < 0) {<!-- [et_pb_line_break_holder] -->        index = slides.length - 1;<!-- [et_pb_line_break_holder] -->      } else if (n >= slides.length) {<!-- [et_pb_line_break_holder] -->        index = 0;<!-- [et_pb_line_break_holder] -->      } else {<!-- [et_pb_line_break_holder] -->        index = n;<!-- [et_pb_line_break_holder] -->      }<!-- [et_pb_line_break_holder] --><!-- [et_pb_line_break_holder] -->      slides.forEach((slide) => {<!-- [et_pb_line_break_holder] -->        slide.style.display = \"none\";<!-- [et_pb_line_break_holder] -->      });<!-- [et_pb_line_break_holder] --><!-- [et_pb_line_break_holder] -->      dots.forEach((dot) => {<!-- [et_pb_line_break_holder] -->        dot.classList.remove(\"active\");<!-- [et_pb_line_break_holder] -->      });<!-- [et_pb_line_break_holder] --><!-- [et_pb_line_break_holder] -->      slides[index].style.display = \"block\";<!-- [et_pb_line_break_holder] -->      dots[index].classList.add(\"active\");<!-- [et_pb_line_break_holder] -->    }<!-- [et_pb_line_break_holder] --><!-- [et_pb_line_break_holder] -->    function nextSlide() {<!-- [et_pb_line_break_holder] -->      showSlide(index + 1);<!-- [et_pb_line_break_holder] -->    }<!-- [et_pb_line_break_holder] --><!-- [et_pb_line_break_holder] -->    function prevSlide() {<!-- [et_pb_line_break_holder] -->      showSlide(index - 1);<!-- [et_pb_line_break_holder] -->    }<!-- [et_pb_line_break_holder] --><!-- [et_pb_line_break_holder] -->    function currentSlide(n) {<!-- [et_pb_line_break_holder] -->      showSlide(n);<!-- [et_pb_line_break_holder] -->    }<!-- [et_pb_line_break_holder] --><!-- [et_pb_line_break_holder] -->    document.querySelector(\".next\").addEventListener(\"click\", nextSlide);<!-- [et_pb_line_break_holder] -->    document.querySelector(\".prev\").addEventListener(\"click\", prevSlide);<!-- [et_pb_line_break_holder] --><!-- [et_pb_line_break_holder] -->    dots.forEach((dot, i) => {<!-- [et_pb_line_break_holder] -->      dot.addEventListener(\"click\", () => {<!-- [et_pb_line_break_holder] -->        currentSlide(i);<!-- [et_pb_line_break_holder] -->      });<!-- [et_pb_line_break_holder] -->    });<!-- [et_pb_line_break_holder] --><!-- [et_pb_line_break_holder] -->    showSlide(index);<!-- [et_pb_line_break_holder] -->  });<!-- [et_pb_line_break_holder] --><\/script><!-- [et_pb_line_break_holder] --><!-- [et_pb_line_break_holder] --><\/body><!-- [et_pb_line_break_holder] --><\/html>[\/et_pb_code][et_pb_text _builder_version=&#8221;4.19.2&#8243; _module_preset=&#8221;default&#8221; text_font_size=&#8221;18px&#8221; global_colors_info=&#8221;{}&#8221;]<\/p>\n<p style=\"text-align: justify;\">Se imparti\u00f3 un diplomado a los alumnos del \u00faltimo a\u00f1o de las ingenier\u00edas para formar l\u00edderes en rob\u00f3tica educativa comunitaria que crearon clubes de rob\u00f3tica en las bibliotecas digitales de su comunidad, aumentando las capacidades de estos alumnos generando una mejor empleabilidad.<\/p>\n<p>[\/et_pb_text][et_pb_text _builder_version=&#8221;4.19.2&#8243; _module_preset=&#8221;default&#8221; text_font_size=&#8221;18px&#8221; global_colors_info=&#8221;{}&#8221;]<\/p>\n<p style=\"text-align: justify;\">Con estas bibliotecas garantizamos el acceso igualitario de ni\u00f1as, adolescentes, j\u00f3venes y mujeres a eventos de capacitaci\u00f3n, divulgaci\u00f3n y educaci\u00f3n. La igualdad de g\u00e9nero asegurar\u00e1 que los ni\u00f1os y las ni\u00f1as, sean capaces de adquirir habilidades que les den oportunidades para\u00a0 contribuir y beneficiarse equitativamente de experiencias formativas significativas para modificar su contexto hist\u00f3rico cultural m\u00e1s cercano.<\/p>\n<p>[\/et_pb_text][et_pb_text _builder_version=&#8221;4.19.2&#8243; _module_preset=&#8221;default&#8221; text_font_size=&#8221;18px&#8221; global_colors_info=&#8221;{}&#8221;]<\/p>\n<p style=\"text-align: justify;\">La educaci\u00f3n por v\u00edas informales con enfoque comunitario, juegan un rol importante para determinar el inter\u00e9s de la ni\u00f1ez en las materias y conocimientos vinculados a la Ciencia, Tecnolog\u00eda, Ingenier\u00eda y Matem\u00e1ticas.<\/p>\n<p style=\"text-align: justify;\">En particular es estrat\u00e9gico ofrecer experiencias de divulgaci\u00f3n cient\u00edfica en igualdad de oportunidades, para fomentar en las ni\u00f1as, vocaciones y preferencias para motivar, en primer lugar, su continuidad educativa hacia la formaci\u00f3n media superior y en segundo lugar, en su formaci\u00f3n de estudios superiores y en la selecci\u00f3n de una carrera que les permita en el futuro acceder a un empleo con mejores tasas de remuneraci\u00f3n que los empleos tradicionalmente vinculados a las mujeres.<\/p>\n<p>[\/et_pb_text][\/et_pb_column][\/et_pb_row][\/et_pb_section]<\/p>\n","protected":false},"excerpt":{"rendered":"<p>Valores | CMSIEl proyecto \u201cConectividad para Todos\u201d promueve los valores de la Cumbre Mundial de la Sociedad de la Informaci\u00f3n (WSIS) en el estado de Campeche en M\u00e9xico al fomentar la inclusi\u00f3n digital y el acceso equitativo a las Tecnolog\u00edas de la Informaci\u00f3n a trav\u00e9s de la instalaci\u00f3n de la Infraestructura Digital P\u00fablica en 300 [&hellip;]<\/p>\n","protected":false},"author":1,"featured_media":0,"parent":0,"menu_order":0,"comment_status":"closed","ping_status":"closed","template":"","meta":{"_et_pb_use_builder":"on","_et_pb_old_content":"","_et_gb_content_width":"","inline_featured_image":false},"acf":[],"_links":{"self":[{"href":"https:\/\/conectividad.campeche.gob.mx\/index.php?rest_route=\/wp\/v2\/pages\/1605"}],"collection":[{"href":"https:\/\/conectividad.campeche.gob.mx\/index.php?rest_route=\/wp\/v2\/pages"}],"about":[{"href":"https:\/\/conectividad.campeche.gob.mx\/index.php?rest_route=\/wp\/v2\/types\/page"}],"author":[{"embeddable":true,"href":"https:\/\/conectividad.campeche.gob.mx\/index.php?rest_route=\/wp\/v2\/users\/1"}],"replies":[{"embeddable":true,"href":"https:\/\/conectividad.campeche.gob.mx\/index.php?rest_route=%2Fwp%2Fv2%2Fcomments&post=1605"}],"version-history":[{"count":14,"href":"https:\/\/conectividad.campeche.gob.mx\/index.php?rest_route=\/wp\/v2\/pages\/1605\/revisions"}],"predecessor-version":[{"id":2123,"href":"https:\/\/conectividad.campeche.gob.mx\/index.php?rest_route=\/wp\/v2\/pages\/1605\/revisions\/2123"}],"wp:attachment":[{"href":"https:\/\/conectividad.campeche.gob.mx\/index.php?rest_route=%2Fwp%2Fv2%2Fmedia&parent=1605"}],"curies":[{"name":"wp","href":"https:\/\/api.w.org\/{rel}","templated":true}]}}