{"id":1611,"date":"2024-01-29T11:45:40","date_gmt":"2024-01-29T17:45:40","guid":{"rendered":"https:\/\/conectividad.campeche.gob.mx\/?page_id=1611"},"modified":"2026-02-13T15:31:22","modified_gmt":"2026-02-13T21:31:22","slug":"desafios","status":"publish","type":"page","link":"https:\/\/conectividad.campeche.gob.mx\/?page_id=1611","title":{"rendered":"Desaf\u00edos"},"content":{"rendered":"<p>[et_pb_section fb_built=&#8221;1&#8243; _builder_version=&#8221;4.25.1&#8243; _module_preset=&#8221;default&#8221; background_color=&#8221;#9F2241&#8243; global_colors_info=&#8221;{}&#8221;][et_pb_row _builder_version=&#8221;4.19.2&#8243; _module_preset=&#8221;default&#8221; global_colors_info=&#8221;{}&#8221;][et_pb_column type=&#8221;4_4&#8243; _builder_version=&#8221;4.19.2&#8243; _module_preset=&#8221;default&#8221; global_colors_info=&#8221;{}&#8221;][et_pb_text _builder_version=&#8221;4.19.2&#8243; _module_preset=&#8221;default&#8221; header_font=&#8221;|600|on||||||&#8221; header_text_color=&#8221;#FFFFFF&#8221; global_colors_info=&#8221;{}&#8221;]<\/p>\n<h1 style=\"text-align: center;\">Desaf\u00edos<\/h1>\n<p>[\/et_pb_text][\/et_pb_column][\/et_pb_row][\/et_pb_section][et_pb_section fb_built=&#8221;1&#8243; _builder_version=&#8221;4.19.2&#8243; _module_preset=&#8221;default&#8221; global_colors_info=&#8221;{}&#8221;][et_pb_row _builder_version=&#8221;4.19.2&#8243; _module_preset=&#8221;default&#8221; global_colors_info=&#8221;{}&#8221;][et_pb_column type=&#8221;4_4&#8243; _builder_version=&#8221;4.19.2&#8243; _module_preset=&#8221;default&#8221; global_colors_info=&#8221;{}&#8221;][et_pb_image src=&#8221;https:\/\/conectividad.campeche.gob.mx\/wp-content\/uploads\/5_pasos-escalas.jpg&#8221; title_text=&#8221;5_pasos-escalas&#8221; show_in_lightbox=&#8221;on&#8221; _builder_version=&#8221;4.19.2&#8243; _module_preset=&#8221;default&#8221; global_colors_info=&#8221;{}&#8221;][\/et_pb_image][et_pb_text _builder_version=&#8221;4.19.2&#8243; _module_preset=&#8221;default&#8221; text_text_color=&#8221;#6b6b6b&#8221; text_font_size=&#8221;18px&#8221; global_colors_info=&#8221;{}&#8221;]<\/p>\n<p><strong>Primer paso: Instalaci\u00f3n de la Infraestructura digital p\u00fablica.<\/strong><strong><\/strong><\/p>\n<p>[\/et_pb_text][et_pb_text _builder_version=&#8221;4.25.1&#8243; _module_preset=&#8221;default&#8221; text_text_color=&#8221;#6b6b6b&#8221; text_font_size=&#8221;18px&#8221; hover_enabled=&#8221;0&#8243; global_colors_info=&#8221;{}&#8221; sticky_enabled=&#8221;0&#8243;]<\/p>\n<p style=\"text-align: justify;\">El proyecto instala la Infraestructura Digital P\u00fablica necesaria para el acceso a internet, creando dos servicios, que cubren 300 localidades en las que vive el 92% de la poblaci\u00f3n de Campeche:<\/p>\n<p style=\"text-align: justify;\">1. La Red Dorsal del Estado, que incluye la instalaci\u00f3n de fibra \u00f3ptica que conecta los centros urbanos.<br \/>2. Y una Red de Conexi\u00f3n Remota Inal\u00e1mbrica que cubre las localidades rurales de dif\u00edcil acceso.<\/p>\n<p style=\"text-align: justify;\">Con este sistema, se proporciona una red segura y resistente, con una administraci\u00f3n central que controla autom\u00e1ticamente todos los puntos de acceso, proporcionando la conectividad necesaria para que la poblaci\u00f3n pueda realizar sus labores educativas, de salud y de gobierno.<\/p>\n<p>[\/et_pb_text][et_pb_text _builder_version=&#8221;4.19.2&#8243; _module_preset=&#8221;default&#8221; text_text_color=&#8221;#6b6b6b&#8221; text_font_size=&#8221;18px&#8221; global_colors_info=&#8221;{}&#8221;]<\/p>\n<p><strong>Segundo paso: Instalaci\u00f3n del Centro de Datos.<\/strong><\/p>\n<p>[\/et_pb_text][et_pb_text _builder_version=&#8221;4.25.1&#8243; _module_preset=&#8221;default&#8221; text_text_color=&#8221;#6b6b6b&#8221; text_font_size=&#8221;18px&#8221; global_colors_info=&#8221;{}&#8221;]<\/p>\n<p style=\"text-align: justify;\">El proyecto contempla la instalaci\u00f3n de un Centro de Datos Modular Nivel II para contar con la infraestructura necesaria que permita el mejoramiento de la calidad de vida de la poblaci\u00f3n de Campeche, mejorando los servicios a la ciudadan\u00eda y generando aplicaciones inteligentes que apoyen la digitalizaci\u00f3n del estado, contribuyendo a la innovaci\u00f3n y al desarrollo econ\u00f3mico, adem\u00e1s de la responsabilidad social y ambiental.<\/p>\n<p style=\"text-align: justify;\">Concentraremos todos los centros de almacenamiento de datos de las instituciones educativas y todos los proyectos de innovaci\u00f3n tecnol\u00f3gica vinculados a la nube, ciberseguridad e inteligencia artificial.<br \/>Y tambien concentraremos, con la mejor seguridad posible, toda la informaci\u00f3n que produzca cualquier oficina gubernamental y administraremos la red estatal de \u201cConectividad para Todos\u201d en este centro de datos.<\/p>\n<p style=\"text-align: justify;\">Concentraremos todos los centros de almacenamiento de datos de las instituciones educativas y todos los proyectos de innovaci\u00f3n tecnol\u00f3gica vinculados a la nube, ciberseguridad e inteligencia artificial.<\/p>\n<p style=\"text-align: justify;\">Y tambien concentraremos, con la mejor seguridad posible, toda la informaci\u00f3n que produzca cualquier oficina gubernamental y administraremos la red estatal de \u201cConectividad para Todos\u201d en este centro de datos.<\/p>\n<p>[\/et_pb_text][et_pb_text _builder_version=&#8221;4.19.2&#8243; _module_preset=&#8221;default&#8221; text_text_color=&#8221;#6b6b6b&#8221; text_font_size=&#8221;18px&#8221; global_colors_info=&#8221;{}&#8221;]<\/p>\n<p><strong>Tercer paso: La Digitalizaci\u00f3n de la Sociedad.<\/strong><\/p>\n<p>[\/et_pb_text][et_pb_text _builder_version=&#8221;4.25.1&#8243; _module_preset=&#8221;default&#8221; text_text_color=&#8221;#6b6b6b&#8221; text_font_size=&#8221;18px&#8221; global_colors_info=&#8221;{}&#8221;]<\/p>\n<p style=\"text-align: justify;\">El proyecto contempla la instalaci\u00f3n de 300 bibliotecas digitales aprovechando la infraestructura instalada para el acceso a internet del programa CONECTIVIDAD PARA TODOS que, en el caso de las bibliotecas, contempla puntos de acceso al interior, lo que nos permitir\u00e1 la instalaci\u00f3n de un Aula Digital Colaborativa que contempla un sistema de videoconferencias y computadoras conectadas a una plataforma colaborativa y tambien instala puntos de acceso al exterior del edificio para llevar a cabo la Recuperaci\u00f3n Digital del Espacio P\u00fablico.<\/p>\n<p style=\"text-align: justify;\">Con estas bibliotecas garantizaremos el acceso igualitario de ni\u00f1as, adolescentes, j\u00f3venes y mujeres a eventos de capacitaci\u00f3n, divulgaci\u00f3n y educaci\u00f3n.<\/p>\n<p style=\"text-align: justify;\">La igualdad de g\u00e9nero asegurar\u00e1 que los ni\u00f1os y las ni\u00f1as, sean capaces de adquirir habilidades que les den oportunidades para contribuir y beneficiarse equitativamente de experiencias formativas significativas para modificar su contexto hist\u00f3rico cultural m\u00e1s cercano.<\/p>\n<p style=\"text-align: justify;\">La educaci\u00f3n por v\u00edas informales con enfoque comunitario, juegan un rol importante para determinar el inter\u00e9s de la ni\u00f1ez en las materias y conocimientos vinculados a la Ciencia, Tecnolog\u00eda, Ingenier\u00eda y Matem\u00e1ticas.<br \/>En particular es estrat\u00e9gico ofrecer experiencias de divulgaci\u00f3n cient\u00edfica en igualdad de oportunidades, para fomentar en las ni\u00f1as, vocaciones y preferencias para motivar, en primer lugar, su continuidad educativa hacia la formaci\u00f3n media superior y en segundo lugar, en su formaci\u00f3n de estudios superiores y en la selecci\u00f3n de una carrera que les permita en el futuro acceder a un empleo con mejores tasas de remuneraci\u00f3n que los empleos tradicionalmente vinculados a las mujeres.<\/p>\n<p style=\"text-align: justify;\">Con estas bibliotecas garantizaremos el acceso igualitario de ni\u00f1as, adolescentes, j\u00f3venes y mujeres a eventos de capacitaci\u00f3n, divulgaci\u00f3n y educaci\u00f3n.<\/p>\n<p style=\"text-align: justify;\">La igualdad de g\u00e9nero asegurar\u00e1 que los ni\u00f1os y las ni\u00f1as, sean capaces de adquirir habilidades que les den oportunidades para\u00a0 contribuir y beneficiarse equitativamente de experiencias formativas significativas para modificar su contexto hist\u00f3rico cultural m\u00e1s cercano.<\/p>\n<p style=\"text-align: justify;\">La educaci\u00f3n por v\u00edas informales con enfoque comunitario, juegan un rol importante para determinar el inter\u00e9s de la ni\u00f1ez en las materias y conocimientos vinculados a la Ciencia, Tecnolog\u00eda, Ingenier\u00eda y Matem\u00e1ticas.<\/p>\n<p style=\"text-align: justify;\">En particular es estrat\u00e9gico ofrecer experiencias de divulgaci\u00f3n cient\u00edfica en igualdad de oportunidades, para fomentar en las ni\u00f1as, vocaciones y preferencias para motivar, en primer lugar, su continuidad educativa hacia la formaci\u00f3n media superior y en segundo lugar, en su formaci\u00f3n de estudios superiores y en la selecci\u00f3n de una carrera que les permita en el futuro acceder a un empleo con mejores tasas de remuneraci\u00f3n que los empleos tradicionalmente vinculados a las mujeres.<\/p>\n<p>[\/et_pb_text][et_pb_text _builder_version=&#8221;4.19.2&#8243; _module_preset=&#8221;default&#8221; text_text_color=&#8221;#6b6b6b&#8221; text_font_size=&#8221;18px&#8221; global_colors_info=&#8221;{}&#8221;]<\/p>\n<p><strong>Cuarto paso: La Digitalizaci\u00f3n del Gobierno.<\/strong><\/p>\n<p>[\/et_pb_text][et_pb_text _builder_version=&#8221;4.25.1&#8243; _module_preset=&#8221;default&#8221; text_text_color=&#8221;#6b6b6b&#8221; text_font_size=&#8221;18px&#8221; global_colors_info=&#8221;{}&#8221;]<\/p>\n<p style=\"text-align: justify;\">La digitalizaci\u00f3n del gobierno a partir de la creaci\u00f3n de 13 laboratorios de innovaci\u00f3n en las 13 instituciones de educaci\u00f3n superior que existen en el estado y, que tiene como objetivo, el aprovechamiento de los conocimientos tecnol\u00f3gicos de los estudiantes para potenciarlos, cre\u00e1ndose nuevas habilidades en tecnolog\u00edas de frontera como: Inteligencia artificial, internet de las cosas, ciencias de datos, plataformas digitales, blockchain, pagos electr\u00f3nicos, rob\u00f3tica, an\u00e1lisis de im\u00e1genes satelitales, nube, ciberseguridad, realidad virtual y aumentada, energ\u00eda solar y e\u00f3lica, multimedia y tecnolog\u00eda espacial que concluyan el proceso de digitalizaci\u00f3n de las 22 secretar\u00edas y \u00f3rganos desconcentrados de todo el gobierno en un solo a\u00f1o.<\/p>\n<p>[\/et_pb_text][et_pb_text _builder_version=&#8221;4.19.2&#8243; _module_preset=&#8221;default&#8221; text_text_color=&#8221;#6b6b6b&#8221; text_font_size=&#8221;18px&#8221; global_colors_info=&#8221;{}&#8221;]<\/p>\n<p><strong>Quinto paso: Integraci\u00f3n de la innovaci\u00f3n en las empresas.<\/strong><\/p>\n<p>[\/et_pb_text][et_pb_text _builder_version=&#8221;4.25.1&#8243; _module_preset=&#8221;default&#8221; text_text_color=&#8221;#6b6b6b&#8221; text_font_size=&#8221;18px&#8221; global_colors_info=&#8221;{}&#8221;]<\/p>\n<p>Estos 13 laboratorios recibir\u00e1n una capacitaci\u00f3n de alto nivel en el aspecto tecnol\u00f3gico pero tambi\u00e9n en el emprendimiento, para que se conviertan en las empresas creativas de base tecnol\u00f3gica que requiere nuestro estado, aprovechando la extensi\u00f3n geogr\u00e1fica de las instituciones de educaci\u00f3n superior para horizontalizar los beneficios tecnol\u00f3gicos en la totalidad del estado.<\/p>\n<p>El principio fundamental de todo el proyecto es que los beneficios de la econom\u00eda digital lleguen a todos los campechanos, no importando su ubicaci\u00f3n geogr\u00e1fica ni su capacidad adquisitiva.<\/p>\n<p>En Resumen, como dice nuestra gobernadora, el proyecto \u201cConectividad para Todos\u201d es para <em><strong>igualar a los m\u00e1s desiguales.<\/strong><\/em><\/p>\n<p>[\/et_pb_text][\/et_pb_column][\/et_pb_row][\/et_pb_section]<\/p>\n","protected":false},"excerpt":{"rendered":"<p>Desaf\u00edosPrimer paso: Instalaci\u00f3n de la Infraestructura digital p\u00fablica.El proyecto instala la Infraestructura Digital P\u00fablica necesaria para el acceso a internet, creando dos servicios, que cubren 300 localidades en las que vive el 92% de la poblaci\u00f3n de Campeche: 1. La Red Dorsal del Estado, que incluye la instalaci\u00f3n de fibra \u00f3ptica que conecta los centros [&hellip;]<\/p>\n","protected":false},"author":1,"featured_media":0,"parent":0,"menu_order":0,"comment_status":"closed","ping_status":"closed","template":"","meta":{"_et_pb_use_builder":"on","_et_pb_old_content":"","_et_gb_content_width":"","inline_featured_image":false},"acf":[],"_links":{"self":[{"href":"https:\/\/conectividad.campeche.gob.mx\/index.php?rest_route=\/wp\/v2\/pages\/1611"}],"collection":[{"href":"https:\/\/conectividad.campeche.gob.mx\/index.php?rest_route=\/wp\/v2\/pages"}],"about":[{"href":"https:\/\/conectividad.campeche.gob.mx\/index.php?rest_route=\/wp\/v2\/types\/page"}],"author":[{"embeddable":true,"href":"https:\/\/conectividad.campeche.gob.mx\/index.php?rest_route=\/wp\/v2\/users\/1"}],"replies":[{"embeddable":true,"href":"https:\/\/conectividad.campeche.gob.mx\/index.php?rest_route=%2Fwp%2Fv2%2Fcomments&post=1611"}],"version-history":[{"count":13,"href":"https:\/\/conectividad.campeche.gob.mx\/index.php?rest_route=\/wp\/v2\/pages\/1611\/revisions"}],"predecessor-version":[{"id":2188,"href":"https:\/\/conectividad.campeche.gob.mx\/index.php?rest_route=\/wp\/v2\/pages\/1611\/revisions\/2188"}],"wp:attachment":[{"href":"https:\/\/conectividad.campeche.gob.mx\/index.php?rest_route=%2Fwp%2Fv2%2Fmedia&parent=1611"}],"curies":[{"name":"wp","href":"https:\/\/api.w.org\/{rel}","templated":true}]}}