{"id":1626,"date":"2024-01-29T11:54:33","date_gmt":"2024-01-29T17:54:33","guid":{"rendered":"https:\/\/conectividad.campeche.gob.mx\/?page_id=1626"},"modified":"2025-12-18T10:46:49","modified_gmt":"2025-12-18T16:46:49","slug":"wssi-ods","status":"publish","type":"page","link":"https:\/\/conectividad.campeche.gob.mx\/?page_id=1626","title":{"rendered":"WSSI | ODS"},"content":{"rendered":"<p>[et_pb_section fb_built=&#8221;1&#8243; _builder_version=&#8221;4.25.1&#8243; _module_preset=&#8221;default&#8221; background_color=&#8221;#9F2241&#8243; global_colors_info=&#8221;{}&#8221;][et_pb_row _builder_version=&#8221;4.19.2&#8243; _module_preset=&#8221;default&#8221; global_colors_info=&#8221;{}&#8221;][et_pb_column type=&#8221;4_4&#8243; _builder_version=&#8221;4.19.2&#8243; _module_preset=&#8221;default&#8221; global_colors_info=&#8221;{}&#8221;][et_pb_text _builder_version=&#8221;4.25.1&#8243; _module_preset=&#8221;default&#8221; header_font=&#8221;|600|on||||||&#8221; header_text_color=&#8221;#FFFFFF&#8221; animation_style=&#8221;fade&#8221; hover_enabled=&#8221;0&#8243; global_colors_info=&#8221;{}&#8221; sticky_enabled=&#8221;0&#8243;]<\/p>\n<h1 style=\"text-align: center;\">WSIS | ODS<\/h1>\n<p>[\/et_pb_text][\/et_pb_column][\/et_pb_row][\/et_pb_section][et_pb_section fb_built=&#8221;1&#8243; _builder_version=&#8221;4.19.2&#8243; _module_preset=&#8221;default&#8221; global_colors_info=&#8221;{}&#8221;][et_pb_row _builder_version=&#8221;4.19.2&#8243; _module_preset=&#8221;default&#8221; global_colors_info=&#8221;{}&#8221;][et_pb_column type=&#8221;4_4&#8243; _builder_version=&#8221;4.19.2&#8243; _module_preset=&#8221;default&#8221; global_colors_info=&#8221;{}&#8221;][et_pb_text _builder_version=&#8221;4.19.2&#8243; _module_preset=&#8221;default&#8221; text_text_color=&#8221;#6b6b6b&#8221; text_font_size=&#8221;18px&#8221; global_colors_info=&#8221;{}&#8221;]<\/p>\n<p style=\"text-align: justify;\">El proyecto \u201cConectividad para Todos\u201d aborda diversas l\u00edneas de acci\u00f3n de la WSIS y contribuye a varios Objetivos de Desarrollo Sostenible (ODS) de la ONU:<\/p>\n<p>[\/et_pb_text][et_pb_text _builder_version=&#8221;4.19.2&#8243; _module_preset=&#8221;default&#8221; text_text_color=&#8221;#6b6b6b&#8221; text_font_size=&#8221;18px&#8221; global_colors_info=&#8221;{}&#8221;]<\/p>\n<ul>\n<li style=\"text-align: justify;\"><strong>WSIS C1 &#8211; El Papel de los Gobiernos:<\/strong> El gobierno de Campeche ha demostrado un fuerte compromiso con la inclusi\u00f3n digital, al destinar el recursos necesario para garantizar el acceso igualitario a la banda ancha para todos, especialmente para las comunidades m\u00e1s pobres.<\/li>\n<li style=\"text-align: justify;\"><strong>WSIS C2 &#8211; Infraestructura de la Informaci\u00f3n y las Comunicaciones:<\/strong> Conectividad para Todos ha instalado la Infraestructura Digital P\u00fablica necesaria para acceder a internet tanto en localidades urbanas como en localidades remotas que nunca contaron con este servicio.<\/li>\n<li style=\"text-align: justify;\"><strong>WSIS C3 &#8211; Acceso a la Informaci\u00f3n y al Conocimiento:<\/strong> El proyecto ha facilitado el acceso a informaci\u00f3n y recursos educativos en l\u00ednea con las bibliotecas digitales empoderando a los ciudadanos.<\/li>\n<li style=\"text-align: justify;\"><strong>WSIS C4 &#8211; Creaci\u00f3n de Capacidades:<\/strong> A trav\u00e9s de la capacitaci\u00f3n y los recursos educativos proporcionados, mejora las habilidades digitales de la poblaci\u00f3n.<\/li>\n<li style=\"text-align: justify;\"><strong>WSIS C8 &#8211; Diversidad e Identidad Cultural:<\/strong> El proyecto apoya la preservaci\u00f3n y promoci\u00f3n de la diversidad cultural y ling\u00fc\u00edstica local a trav\u00e9s de cursos de Maya impartidos presencialmente y en l\u00ednea a trav\u00e9s de las bibliotecas digitales.<\/li>\n<li style=\"text-align: justify;\"><strong>WSIS C10 &#8211; Dimensiones \u00c9ticas de la Sociedad de la Informaci\u00f3n:<\/strong> \u201c Conectividad para Todos\u201d\u00a0 promueve una sociedad m\u00e1s justa e igualitaria al garantizar el acceso equitativo a la banda ancha no importando la ubicaci\u00f3n geogr\u00e1fica ni la condici\u00f3n social.<\/li>\n<\/ul>\n<p>[\/et_pb_text][et_pb_text _builder_version=&#8221;4.19.2&#8243; _module_preset=&#8221;default&#8221; text_text_color=&#8221;#6b6b6b&#8221; text_font_size=&#8221;18px&#8221; global_colors_info=&#8221;{}&#8221;]<\/p>\n<p style=\"text-align: justify;\">En t\u00e9rminos de los ODS de la ONU:<\/p>\n<p>[\/et_pb_text][\/et_pb_column][\/et_pb_row][et_pb_row column_structure=&#8221;1_3,1_3,1_3&#8243; _builder_version=&#8221;4.19.2&#8243; _module_preset=&#8221;default&#8221; global_colors_info=&#8221;{}&#8221;][et_pb_column type=&#8221;1_3&#8243; _builder_version=&#8221;4.19.2&#8243; _module_preset=&#8221;default&#8221; global_colors_info=&#8221;{}&#8221;][et_pb_blurb image=&#8221;https:\/\/conectividad.campeche.gob.mx\/wp-content\/uploads\/ods4esp.jpeg&#8221; _builder_version=&#8221;4.19.2&#8243; _module_preset=&#8221;default&#8221; body_text_align=&#8221;justify&#8221; body_text_color=&#8221;#6b6b6b&#8221; global_colors_info=&#8221;{}&#8221;]<\/p>\n<p>Se prioriza la conectividad en los centros educativos de educaci\u00f3n b\u00e1sica hasta la educaci\u00f3n superior, porque como dice nuestra gobernadora Layda Sansores: solo la educaci\u00f3n iguala a los desiguales.<\/p>\n<p>[\/et_pb_blurb][\/et_pb_column][et_pb_column type=&#8221;1_3&#8243; _builder_version=&#8221;4.19.2&#8243; _module_preset=&#8221;default&#8221; global_colors_info=&#8221;{}&#8221;][et_pb_blurb image=&#8221;https:\/\/conectividad.campeche.gob.mx\/wp-content\/uploads\/ods5esp.jpeg&#8221; _builder_version=&#8221;4.19.2&#8243; _module_preset=&#8221;default&#8221; body_text_color=&#8221;#6b6b6b&#8221; global_colors_info=&#8221;{}&#8221;]<\/p>\n<p style=\"text-align: justify;\">Promueve la igualdad de acceso a las TIC sin distinci\u00f3n de g\u00e9nero garantizando el acceso igualitario de ni\u00f1as, adolescentes, j\u00f3venes y mujeres a eventos de capacitaci\u00f3n, divulgaci\u00f3n y educaci\u00f3n.<\/p>\n<p>[\/et_pb_blurb][\/et_pb_column][et_pb_column type=&#8221;1_3&#8243; _builder_version=&#8221;4.19.2&#8243; _module_preset=&#8221;default&#8221; global_colors_info=&#8221;{}&#8221;][et_pb_blurb image=&#8221;https:\/\/conectividad.campeche.gob.mx\/wp-content\/uploads\/ods8esp.jpeg&#8221; _builder_version=&#8221;4.19.2&#8243; _module_preset=&#8221;default&#8221; body_text_color=&#8221;#6b6b6b&#8221; global_colors_info=&#8221;{}&#8221;]<\/p>\n<p style=\"text-align: justify;\">Fomenta el desarrollo econ\u00f3mico ofreciendo experiencias de divulgaci\u00f3n cient\u00edfica para fomentar en las ni\u00f1as y ni\u00f1os, vocaciones y preferencias para motivar, en primer lugar, su continuidad educativa hacia la formaci\u00f3n media superior y en segundo lugar, en su formaci\u00f3n de estudios superiores y en la selecci\u00f3n de una carrera que les permita en el futuro acceder a un empleo con mejores tasas de remuneraci\u00f3n.<\/p>\n<p>[\/et_pb_blurb][\/et_pb_column][\/et_pb_row][et_pb_row column_structure=&#8221;1_3,1_3,1_3&#8243; _builder_version=&#8221;4.19.2&#8243; _module_preset=&#8221;default&#8221; global_colors_info=&#8221;{}&#8221;][et_pb_column type=&#8221;1_3&#8243; _builder_version=&#8221;4.19.2&#8243; _module_preset=&#8221;default&#8221; global_colors_info=&#8221;{}&#8221;][et_pb_blurb image=&#8221;https:\/\/conectividad.campeche.gob.mx\/wp-content\/uploads\/ods9esp.jpeg&#8221; _builder_version=&#8221;4.19.2&#8243; _module_preset=&#8221;default&#8221; body_text_align=&#8221;justify&#8221; body_text_color=&#8221;#6b6b6b&#8221; global_colors_info=&#8221;{}&#8221;]<\/p>\n<p style=\"text-align: justify;\">A traves de convenios de colaboraci\u00f3n con las instituciones de educaci\u00f3n superior se establecieron los 13 laboratorios de innovaci\u00f3n que recibir\u00e1n una capacitaci\u00f3n de alto nivel en el aspecto tecnol\u00f3gico pero tambi\u00e9n en el emprendimiento, para que se conviertan en las empresas creativas de base tecnol\u00f3gica que requiere nuestro estado, aprovechando la extensi\u00f3n geogr\u00e1fica de las instituciones de educaci\u00f3n superior para horizontalizar los beneficios tecnol\u00f3gicos en la totalidad del estado.<\/p>\n<p>[\/et_pb_blurb][\/et_pb_column][et_pb_column type=&#8221;1_3&#8243; _builder_version=&#8221;4.19.2&#8243; _module_preset=&#8221;default&#8221; global_colors_info=&#8221;{}&#8221;][et_pb_blurb image=&#8221;https:\/\/conectividad.campeche.gob.mx\/wp-content\/uploads\/ods10esp.jpeg&#8221; _builder_version=&#8221;4.19.2&#8243; _module_preset=&#8221;default&#8221; body_text_color=&#8221;#6b6b6b&#8221; global_colors_info=&#8221;{}&#8221;]<\/p>\n<p style=\"text-align: justify;\">Instalando la Infraestructura Digital P\u00fablica en las 300 localidades abatimos la brecha digital existente en la poblaci\u00f3n campechana y promovemos la igualdad de todos los habitantes de Campeche al tener acceso a internet en igualdad de condiciones.<\/p>\n<p>[\/et_pb_blurb][\/et_pb_column][et_pb_column type=&#8221;1_3&#8243; _builder_version=&#8221;4.19.2&#8243; _module_preset=&#8221;default&#8221; global_colors_info=&#8221;{}&#8221;][et_pb_blurb image=&#8221;https:\/\/conectividad.campeche.gob.mx\/wp-content\/uploads\/ods16esp.jpeg&#8221; _builder_version=&#8221;4.19.2&#8243; _module_preset=&#8221;default&#8221; body_text_color=&#8221;#6b6b6b&#8221; global_colors_info=&#8221;{}&#8221;]<\/p>\n<p style=\"text-align: justify;\">Apoya el desarrollo de una sociedad m\u00e1s informada y justa.<\/p>\n<p>[\/et_pb_blurb][\/et_pb_column][\/et_pb_row][et_pb_row _builder_version=&#8221;4.19.2&#8243; _module_preset=&#8221;default&#8221; global_colors_info=&#8221;{}&#8221;][et_pb_column type=&#8221;4_4&#8243; _builder_version=&#8221;4.19.2&#8243; _module_preset=&#8221;default&#8221; global_colors_info=&#8221;{}&#8221;][et_pb_text _builder_version=&#8221;4.19.2&#8243; _module_preset=&#8221;default&#8221; text_text_color=&#8221;#6b6b6b&#8221; text_font_size=&#8221;18px&#8221; global_colors_info=&#8221;{}&#8221;]<\/p>\n<p style=\"text-align: justify;\">El principio fundamental de todo el proyecto es que los beneficios de la econom\u00eda digital lleguen a todos los campechanos, no importando su ubicaci\u00f3n geogr\u00e1fica ni su capacidad adquisitiva. En resumen, como dice nuestra gobernadora, el proyecto \u201cConectividad para Todos\u201d es para igualar a los m\u00e1s desiguales, aline\u00e1ndose estrechamente con los principios y objetivos de la WSIS y la Agenda 2030 de la ONU.<\/p>\n<p>[\/et_pb_text][\/et_pb_column][\/et_pb_row][\/et_pb_section]<\/p>\n","protected":false},"excerpt":{"rendered":"<p>WSIS | ODSEl proyecto \u201cConectividad para Todos\u201d aborda diversas l\u00edneas de acci\u00f3n de la WSIS y contribuye a varios Objetivos de Desarrollo Sostenible (ODS) de la ONU: WSIS C1 &#8211; El Papel de los Gobiernos: El gobierno de Campeche ha demostrado un fuerte compromiso con la inclusi\u00f3n digital, al destinar el recursos necesario para garantizar [&hellip;]<\/p>\n","protected":false},"author":1,"featured_media":0,"parent":0,"menu_order":0,"comment_status":"closed","ping_status":"closed","template":"","meta":{"_et_pb_use_builder":"on","_et_pb_old_content":"","_et_gb_content_width":"","inline_featured_image":false},"acf":[],"_links":{"self":[{"href":"https:\/\/conectividad.campeche.gob.mx\/index.php?rest_route=\/wp\/v2\/pages\/1626"}],"collection":[{"href":"https:\/\/conectividad.campeche.gob.mx\/index.php?rest_route=\/wp\/v2\/pages"}],"about":[{"href":"https:\/\/conectividad.campeche.gob.mx\/index.php?rest_route=\/wp\/v2\/types\/page"}],"author":[{"embeddable":true,"href":"https:\/\/conectividad.campeche.gob.mx\/index.php?rest_route=\/wp\/v2\/users\/1"}],"replies":[{"embeddable":true,"href":"https:\/\/conectividad.campeche.gob.mx\/index.php?rest_route=%2Fwp%2Fv2%2Fcomments&post=1626"}],"version-history":[{"count":10,"href":"https:\/\/conectividad.campeche.gob.mx\/index.php?rest_route=\/wp\/v2\/pages\/1626\/revisions"}],"predecessor-version":[{"id":2179,"href":"https:\/\/conectividad.campeche.gob.mx\/index.php?rest_route=\/wp\/v2\/pages\/1626\/revisions\/2179"}],"wp:attachment":[{"href":"https:\/\/conectividad.campeche.gob.mx\/index.php?rest_route=%2Fwp%2Fv2%2Fmedia&parent=1626"}],"curies":[{"name":"wp","href":"https:\/\/api.w.org\/{rel}","templated":true}]}}